{"id":1657,"date":"2018-10-11T21:14:43","date_gmt":"2018-10-12T02:14:43","guid":{"rendered":"https:\/\/2018.puebla.wordcamp.org\/?page_id=1657"},"modified":"2019-09-28T22:59:46","modified_gmt":"2019-09-29T03:59:46","slug":"sponsors","status":"publish","type":"page","link":"https:\/\/puebla.wordcamp.org\/2018\/sponsors\/","title":{"rendered":"Sponsors"},"content":{"rendered":"<section class=\"container-fluid parallax-sponsor sponsorsec1\">\n<div class=\"row\">\n<div class=\"col-sm-12\">\n<h1>SPONSORS<\/h1>\n<hr><\/div>\n<\/p><\/div>\n<div class=\"row\">\n<div class=\"col-sm-12\">\n\t\t\t\t\n\t<div class=\"wcorg-sponsors\">\n\t\t\n\t\t\t<div class=\"wcorg-sponsor-level-oro\">\n\t\t\t\t<h2>Oro<\/h2>\n\n\t\t\t\t\n\t\t\t\t\t<div id=\"wcorg-sponsor-22\" class=\"wcorg-sponsor\">\n\t\t\t\t\t\t\t\t\t\t\t\t\t\t\t\t\t\t\t\t\t<h3>\n\t\t\t\t\t\t\t\t\tWooCommerce\t\t\t\t\t\t\t\t<\/h3>\n\t\t\t\t\t\t\t\t\t\t\t\t\t\n\t\t\t\t\t\t<div class=\"wcorg-sponsor-description\">\n\t\t\t\t\t\t\t\t\t\t\t\t\t\t\t<img data-recalc-dims=\"1\" loading=\"lazy\" decoding=\"async\" width=\"432\" height=\"87\" src=\"https:\/\/i0.wp.com\/puebla.wordcamp.org\/2018\/files\/2018\/03\/woocommerce_logo.png?resize=432%2C87&#038;ssl=1\" class=\"attachment-wcb-sponsor-logo-horizontal-2x size-wcb-sponsor-logo-horizontal-2x wp-post-image\" alt=\"WooCommerce\" srcset=\"https:\/\/i0.wp.com\/puebla.wordcamp.org\/2018\/files\/2018\/03\/woocommerce_logo.png?w=432&amp;ssl=1 432w, https:\/\/i0.wp.com\/puebla.wordcamp.org\/2018\/files\/2018\/03\/woocommerce_logo.png?resize=300%2C60&amp;ssl=1 300w\" sizes=\"auto, 100vw\" \/>\t\t\t\t\t\t\t\n\t\t\t\t\t\t\t\t\t\t\t\t\t\t\t<p>WOOCOMMERCE 28% of all online stores are powered by WooCommerce. Built on WordPress, WooCommerce is a fully customizable, open source\u00a0eCommerce\u00a0solution. 3+ million active installations 34+ million downloads 450+ extensions to add functionality Whether you\u2019re selling a few handcrafted items to a niche market, taking an existing business online, or going global with an enterprise level &hellip; <\/p>\n<p class=\"link-more\"><a href=\"https:\/\/puebla.wordcamp.org\/2018\/sponsor\/woocommerce\/\" class=\"more-link\">Continuar leyendo<span class=\"screen-reader-text\"> \"WooCommerce\"<\/span><\/a><\/p>\n\t\t\t\t\t\t\t\t\t\t\t\t\t<\/div>\n\t\t\t\t\t<\/div><!-- #sponsor -->\n\t\t\t\t\n\t\t\t\t\t<div id=\"wcorg-sponsor-24\" class=\"wcorg-sponsor\">\n\t\t\t\t\t\t\t\t\t\t\t\t\t\t\t\t\t\t\t\t\t<h3>\n\t\t\t\t\t\t\t\t\tJetpack\t\t\t\t\t\t\t\t<\/h3>\n\t\t\t\t\t\t\t\t\t\t\t\t\t\n\t\t\t\t\t\t<div class=\"wcorg-sponsor-description\">\n\t\t\t\t\t\t\t\t\t\t\t\t\t\t\t<img data-recalc-dims=\"1\" loading=\"lazy\" decoding=\"async\" width=\"525\" height=\"144\" src=\"https:\/\/i0.wp.com\/puebla.wordcamp.org\/2018\/files\/2018\/03\/Jetpack_Horizontal_RGB-1.png?resize=525%2C144&#038;ssl=1\" class=\"attachment-wcb-sponsor-logo-horizontal-2x size-wcb-sponsor-logo-horizontal-2x wp-post-image\" alt=\"Jetpack\" srcset=\"https:\/\/i0.wp.com\/puebla.wordcamp.org\/2018\/files\/2018\/03\/Jetpack_Horizontal_RGB-1.png?w=545&amp;ssl=1 545w, https:\/\/i0.wp.com\/puebla.wordcamp.org\/2018\/files\/2018\/03\/Jetpack_Horizontal_RGB-1.png?resize=300%2C83&amp;ssl=1 300w, https:\/\/i0.wp.com\/puebla.wordcamp.org\/2018\/files\/2018\/03\/Jetpack_Horizontal_RGB-1.png?resize=500%2C138&amp;ssl=1 500w\" sizes=\"auto, 100vw\" \/>\t\t\t\t\t\t\t\n\t\t\t\t\t\t\t\t\t\t\t\t\t\t\t<p>JETPACK Transform how you work with your WordPress sites and rest easy knowing they\u2019re always firing on all cylinders. Jetpack connects your site to the global services, community, and support provided by WordPress.com so you can focus on the stuff that matters. Jetpack automatically shields your site from the unwanted attention of spammers, hackers, and &hellip; <\/p>\n<p class=\"link-more\"><a href=\"https:\/\/puebla.wordcamp.org\/2018\/sponsor\/jetpack\/\" class=\"more-link\">Continuar leyendo<span class=\"screen-reader-text\"> \"Jetpack\"<\/span><\/a><\/p>\n\t\t\t\t\t\t\t\t\t\t\t\t\t<\/div>\n\t\t\t\t\t<\/div><!-- #sponsor -->\n\t\t\t\t\n\t\t\t\t\t<div id=\"wcorg-sponsor-26\" class=\"wcorg-sponsor\">\n\t\t\t\t\t\t\t\t\t\t\t\t\t\t\t\t\t\t\t\t\t<h3>\n\t\t\t\t\t\t\t\t\tBluehost\t\t\t\t\t\t\t\t<\/h3>\n\t\t\t\t\t\t\t\t\t\t\t\t\t\n\t\t\t\t\t\t<div class=\"wcorg-sponsor-description\">\n\t\t\t\t\t\t\t\t\t\t\t\t\t\t\t<img data-recalc-dims=\"1\" loading=\"lazy\" decoding=\"async\" width=\"525\" height=\"110\" src=\"https:\/\/i0.wp.com\/puebla.wordcamp.org\/2018\/files\/2018\/03\/bh_logo_2015.png?resize=525%2C110&#038;ssl=1\" class=\"attachment-wcb-sponsor-logo-horizontal-2x size-wcb-sponsor-logo-horizontal-2x wp-post-image\" alt=\"Bluehost\" srcset=\"https:\/\/i0.wp.com\/puebla.wordcamp.org\/2018\/files\/2018\/03\/bh_logo_2015.png?w=651&amp;ssl=1 651w, https:\/\/i0.wp.com\/puebla.wordcamp.org\/2018\/files\/2018\/03\/bh_logo_2015.png?resize=300%2C63&amp;ssl=1 300w, https:\/\/i0.wp.com\/puebla.wordcamp.org\/2018\/files\/2018\/03\/bh_logo_2015.png?resize=500%2C105&amp;ssl=1 500w\" sizes=\"auto, 100vw\" \/>\t\t\t\t\t\t\t\n\t\t\t\t\t\t\t\t\t\t\t\t\t\t\t<p>BLUEHOST Bluehost has been a WordPress partner since 2005 and powers over 1 million WordPress sites worldwide. Their objective is to help customers, whether novice or pro, create a thriving online presence at an affordable price. With a team of in-house tech experts available 24\/7, Bluehost dedicates time and resources to providing the best support &hellip; <\/p>\n<p class=\"link-more\"><a href=\"https:\/\/puebla.wordcamp.org\/2018\/sponsor\/bluehost\/\" class=\"more-link\">Continuar leyendo<span class=\"screen-reader-text\"> \"Bluehost\"<\/span><\/a><\/p>\n\t\t\t\t\t\t\t\t\t\t\t\t\t<\/div>\n\t\t\t\t\t<\/div><!-- #sponsor -->\n\t\t\t\t\n\t\t\t\t\t<div id=\"wcorg-sponsor-1650\" class=\"wcorg-sponsor\">\n\t\t\t\t\t\t\t\t\t\t\t\t\t\t\t\t\t\t\t\t\t<h3>\n\t\t\t\t\t\t\t\t\tYoast\t\t\t\t\t\t\t\t<\/h3>\n\t\t\t\t\t\t\t\t\t\t\t\t\t\n\t\t\t\t\t\t<div class=\"wcorg-sponsor-description\">\n\t\t\t\t\t\t\t\t\t\t\t\t\t\t\t<img data-recalc-dims=\"1\" loading=\"lazy\" decoding=\"async\" width=\"525\" height=\"304\" src=\"https:\/\/i0.wp.com\/puebla.wordcamp.org\/2018\/files\/2018\/10\/Yoast_Academy_Square_RGB.png?resize=525%2C304&#038;ssl=1\" class=\"attachment-wcb-sponsor-logo-horizontal-2x size-wcb-sponsor-logo-horizontal-2x wp-post-image\" alt=\"Yoast\" srcset=\"https:\/\/i0.wp.com\/puebla.wordcamp.org\/2018\/files\/2018\/10\/Yoast_Academy_Square_RGB.png?w=804&amp;ssl=1 804w, https:\/\/i0.wp.com\/puebla.wordcamp.org\/2018\/files\/2018\/10\/Yoast_Academy_Square_RGB.png?resize=300%2C174&amp;ssl=1 300w, https:\/\/i0.wp.com\/puebla.wordcamp.org\/2018\/files\/2018\/10\/Yoast_Academy_Square_RGB.png?resize=768%2C445&amp;ssl=1 768w, https:\/\/i0.wp.com\/puebla.wordcamp.org\/2018\/files\/2018\/10\/Yoast_Academy_Square_RGB.png?resize=500%2C290&amp;ssl=1 500w\" sizes=\"auto, 100vw\" \/>\t\t\t\t\t\t\t\n\t\t\t\t\t\t\t\t\t\t\t\t\t\t\t<p>YOAST SEO Yoast helps you get the most out of your website. We make SEO available for everyone. You might be familiar with our\u00a0Yoast SEO WordPress plugin. With over 7,5 million active installs, Yoast SEO is one of the most popular WordPress plugins worldwide. But that\u2019s not all we do. We contribute a lot to &hellip; <\/p>\n<p class=\"link-more\"><a href=\"https:\/\/puebla.wordcamp.org\/2018\/sponsor\/yoast\/\" class=\"more-link\">Continuar leyendo<span class=\"screen-reader-text\"> \"Yoast\"<\/span><\/a><\/p>\n\t\t\t\t\t\t\t\t\t\t\t\t\t<\/div>\n\t\t\t\t\t<\/div><!-- #sponsor -->\n\t\t\t\t\t\t\t<\/div><!-- .wcorg-sponsor-level -->\n\t\t\n\t\t\t<div class=\"wcorg-sponsor-level-plata\">\n\t\t\t\t<h2>Plata<\/h2>\n\n\t\t\t\t\n\t\t\t\t\t<div id=\"wcorg-sponsor-28\" class=\"wcorg-sponsor\">\n\t\t\t\t\t\t\t\t\t\t\t\t\t\t\t\t\t\t\t\t\t<h3>\n\t\t\t\t\t\t\t\t\tGoDaddy\t\t\t\t\t\t\t\t<\/h3>\n\t\t\t\t\t\t\t\t\t\t\t\t\t\n\t\t\t\t\t\t<div class=\"wcorg-sponsor-description\">\n\t\t\t\t\t\t\t\t\t\t\t\t\t\t\t<img data-recalc-dims=\"1\" loading=\"lazy\" decoding=\"async\" width=\"400\" height=\"91\" src=\"https:\/\/i0.wp.com\/puebla.wordcamp.org\/2018\/files\/2018\/03\/GoDaddy_Pro_RGB_Full_B2.png?resize=400%2C91&#038;ssl=1\" class=\"attachment-wcb-sponsor-logo-horizontal-2x size-wcb-sponsor-logo-horizontal-2x wp-post-image\" alt=\"GoDaddy\" srcset=\"https:\/\/i0.wp.com\/puebla.wordcamp.org\/2018\/files\/2018\/03\/GoDaddy_Pro_RGB_Full_B2.png?w=400&amp;ssl=1 400w, https:\/\/i0.wp.com\/puebla.wordcamp.org\/2018\/files\/2018\/03\/GoDaddy_Pro_RGB_Full_B2.png?resize=300%2C68&amp;ssl=1 300w\" sizes=\"auto, 100vw\" \/>\t\t\t\t\t\t\t\n\t\t\t\t\t\t\t\t\t\t\t\t\t\t\t<p>GO DADDY PRO GoDaddy Pro offers a robust suite of free tools to web developers &amp; designers to help them save time managing all their clients and sites. With GoDaddy Pro, you can easily shop for your client, monitor their sites, and manage all their WordPress websites from one place. Exclusive time-saving tools let you &hellip; <\/p>\n<p class=\"link-more\"><a href=\"https:\/\/puebla.wordcamp.org\/2018\/sponsor\/godaddy\/\" class=\"more-link\">Continuar leyendo<span class=\"screen-reader-text\"> \"GoDaddy\"<\/span><\/a><\/p>\n\t\t\t\t\t\t\t\t\t\t\t\t\t<\/div>\n\t\t\t\t\t<\/div><!-- #sponsor -->\n\t\t\t\t\n\t\t\t\t\t<div id=\"wcorg-sponsor-30\" class=\"wcorg-sponsor\">\n\t\t\t\t\t\t\t\t\t\t\t\t\t\t\t\t\t\t\t\t\t<h3>\n\t\t\t\t\t\t\t\t\tDreamHost\t\t\t\t\t\t\t\t<\/h3>\n\t\t\t\t\t\t\t\t\t\t\t\t\t\n\t\t\t\t\t\t<div class=\"wcorg-sponsor-description\">\n\t\t\t\t\t\t\t\t\t\t\t\t\t\t\t<img data-recalc-dims=\"1\" loading=\"lazy\" decoding=\"async\" width=\"525\" height=\"99\" src=\"https:\/\/i0.wp.com\/puebla.wordcamp.org\/2018\/files\/2018\/03\/DreamHost-new-logo.png?resize=525%2C99&#038;ssl=1\" class=\"attachment-wcb-sponsor-logo-horizontal-2x size-wcb-sponsor-logo-horizontal-2x wp-post-image\" alt=\"DreamHost\" srcset=\"https:\/\/i0.wp.com\/puebla.wordcamp.org\/2018\/files\/2018\/03\/DreamHost-new-logo.png?w=640&amp;ssl=1 640w, https:\/\/i0.wp.com\/puebla.wordcamp.org\/2018\/files\/2018\/03\/DreamHost-new-logo.png?resize=300%2C57&amp;ssl=1 300w, https:\/\/i0.wp.com\/puebla.wordcamp.org\/2018\/files\/2018\/03\/DreamHost-new-logo.png?resize=500%2C95&amp;ssl=1 500w\" sizes=\"auto, 100vw\" \/>\t\t\t\t\t\t\t\n\t\t\t\t\t\t\t\t\t\t\t\t\t\t\t<p>DREAMHOST Since 1997 DreamHost has helped individuals, small businesses, entrepreneurs, and developers worldwide bring their dreams to life on the Internet. A leader in Managed WordPress hosting, over 400,000 customers trust DreamHost to be their online home. Supporting the open source community with dedicated resources and a passionate team, DreamHost believes in the power of &hellip; <\/p>\n<p class=\"link-more\"><a href=\"https:\/\/puebla.wordcamp.org\/2018\/sponsor\/dreamhost\/\" class=\"more-link\">Continuar leyendo<span class=\"screen-reader-text\"> \"DreamHost\"<\/span><\/a><\/p>\n\t\t\t\t\t\t\t\t\t\t\t\t\t<\/div>\n\t\t\t\t\t<\/div><!-- #sponsor -->\n\t\t\t\t\t\t\t<\/div><!-- .wcorg-sponsor-level -->\n\t\t\n\t\t\t<div class=\"wcorg-sponsor-level-bronce\">\n\t\t\t\t<h2>Bronce<\/h2>\n\n\t\t\t\t\n\t\t\t\t\t<div id=\"wcorg-sponsor-20\" class=\"wcorg-sponsor\">\n\t\t\t\t\t\t\t\t\t\t\t\t\t\t\t\t\t\t\t\t\t<h3>\n\t\t\t\t\t\t\t\t\tBoldGrid\t\t\t\t\t\t\t\t<\/h3>\n\t\t\t\t\t\t\t\t\t\t\t\t\t\n\t\t\t\t\t\t<div class=\"wcorg-sponsor-description\">\n\t\t\t\t\t\t\t\t\t\t\t\t\t\t\t<img data-recalc-dims=\"1\" loading=\"lazy\" decoding=\"async\" width=\"525\" height=\"74\" src=\"https:\/\/i0.wp.com\/puebla.wordcamp.org\/2018\/files\/2018\/03\/boldgrid-logo.png?resize=525%2C74&#038;ssl=1\" class=\"attachment-wcb-sponsor-logo-horizontal-2x size-wcb-sponsor-logo-horizontal-2x wp-post-image\" alt=\"BoldGrid\" srcset=\"https:\/\/i0.wp.com\/puebla.wordcamp.org\/2018\/files\/2018\/03\/boldgrid-logo.png?w=1200&amp;ssl=1 1200w, https:\/\/i0.wp.com\/puebla.wordcamp.org\/2018\/files\/2018\/03\/boldgrid-logo.png?resize=300%2C42&amp;ssl=1 300w, https:\/\/i0.wp.com\/puebla.wordcamp.org\/2018\/files\/2018\/03\/boldgrid-logo.png?resize=768%2C108&amp;ssl=1 768w, https:\/\/i0.wp.com\/puebla.wordcamp.org\/2018\/files\/2018\/03\/boldgrid-logo.png?resize=1024%2C143&amp;ssl=1 1024w, https:\/\/i0.wp.com\/puebla.wordcamp.org\/2018\/files\/2018\/03\/boldgrid-logo.png?resize=500%2C70&amp;ssl=1 500w\" sizes=\"auto, 100vw\" \/>\t\t\t\t\t\t\t\n\t\t\t\t\t\t\t\t\t\t\t\t\t\t\t<p>BOLDGRID BoldGrid is a website builder powered by WordPress. It is a free set of WordPress plugins, themes, and other content that allows site creation and management similar to non-WordPress website builders. By placing WordPress more in line with DIY site builder solutions on the market, our mission is not only to make WordPress more &hellip; <\/p>\n<p class=\"link-more\"><a href=\"https:\/\/puebla.wordcamp.org\/2018\/sponsor\/boldgrid\/\" class=\"more-link\">Continuar leyendo<span class=\"screen-reader-text\"> \"BoldGrid\"<\/span><\/a><\/p>\n\t\t\t\t\t\t\t\t\t\t\t\t\t<\/div>\n\t\t\t\t\t<\/div><!-- #sponsor -->\n\t\t\t\t\n\t\t\t\t\t<div id=\"wcorg-sponsor-1386\" class=\"wcorg-sponsor\">\n\t\t\t\t\t\t\t\t\t\t\t\t\t\t\t\t\t\t\t\t\t<h3>\n\t\t\t\t\t\t\t\t\tKinsta Limited\t\t\t\t\t\t\t\t<\/h3>\n\t\t\t\t\t\t\t\t\t\t\t\t\t\n\t\t\t\t\t\t<div class=\"wcorg-sponsor-description\">\n\t\t\t\t\t\t\t\t\t\t\t\t\t\t\t<img data-recalc-dims=\"1\" loading=\"lazy\" decoding=\"async\" width=\"504\" height=\"100\" src=\"https:\/\/i0.wp.com\/puebla.wordcamp.org\/2018\/files\/2018\/10\/kinsta-logo-alpha-purple.png?resize=504%2C100&#038;ssl=1\" class=\"attachment-wcb-sponsor-logo-horizontal-2x size-wcb-sponsor-logo-horizontal-2x wp-post-image\" alt=\"Kinsta Limited\" srcset=\"https:\/\/i0.wp.com\/puebla.wordcamp.org\/2018\/files\/2018\/10\/kinsta-logo-alpha-purple.png?w=504&amp;ssl=1 504w, https:\/\/i0.wp.com\/puebla.wordcamp.org\/2018\/files\/2018\/10\/kinsta-logo-alpha-purple.png?resize=300%2C60&amp;ssl=1 300w, https:\/\/i0.wp.com\/puebla.wordcamp.org\/2018\/files\/2018\/10\/kinsta-logo-alpha-purple.png?resize=500%2C99&amp;ssl=1 500w\" sizes=\"auto, 100vw\" \/>\t\t\t\t\t\t\t\n\t\t\t\t\t\t\t\t\t\t\t\t\t\t\t<p>KINSTA En\u00a0Kinsta\u00a0nuestra misi\u00f3n es ofrecerle una experiencia de usuario excepcional. Nos dedicamos a proporcionar el mejor servicio de WordPress Hosting Gestionado y poner las herramientas m\u00e1s potentes al alcance de sus manos. Escuchamos a nuestros clientes y les ofrecemos una interfaz de usuario a medida de sus necesidades. En nuestro panel de control propio puede &hellip; <\/p>\n<p class=\"link-more\"><a href=\"https:\/\/puebla.wordcamp.org\/2018\/sponsor\/kinsta-limited\/\" class=\"more-link\">Continuar leyendo<span class=\"screen-reader-text\"> \"Kinsta Limited\"<\/span><\/a><\/p>\n\t\t\t\t\t\t\t\t\t\t\t\t\t<\/div>\n\t\t\t\t\t<\/div><!-- #sponsor -->\n\t\t\t\t\n\t\t\t\t\t<div id=\"wcorg-sponsor-1739\" class=\"wcorg-sponsor\">\n\t\t\t\t\t\t\t\t\t\t\t\t\t\t\t\t\t\t\t\t\t<h3>\n\t\t\t\t\t\t\t\t\tVleeko\t\t\t\t\t\t\t\t<\/h3>\n\t\t\t\t\t\t\t\t\t\t\t\t\t\n\t\t\t\t\t\t<div class=\"wcorg-sponsor-description\">\n\t\t\t\t\t\t\t\t\t\t\t\t\t\t\t<img data-recalc-dims=\"1\" loading=\"lazy\" decoding=\"async\" width=\"300\" height=\"62\" src=\"https:\/\/i0.wp.com\/puebla.wordcamp.org\/2018\/files\/2018\/10\/logo-vleeko-rojo-en-linea.png?resize=300%2C62&#038;ssl=1\" class=\"attachment-wcb-sponsor-logo-horizontal-2x size-wcb-sponsor-logo-horizontal-2x wp-post-image\" alt=\"Vleeko\" sizes=\"auto, 100vw\" \/>\t\t\t\t\t\t\t\n\t\t\t\t\t\t\t\t\t\t\t\t\t\t\t<p>VLEEKO Vleeko somos una Agencia de Marketing Digital , enfocada a dise\u00f1ar estrategias para la generaci\u00f3n de ventas, resultados exitosos y optimizaci\u00f3n de procesos de nuestros clientes con el objetivo de impulsar sus empresas y negocios en l\u00ednea. Hoy en d\u00eda, Vleeko esta digitalizando los servicios de todas las empresas y negocios a \ufb01n de &hellip; <\/p>\n<p class=\"link-more\"><a href=\"https:\/\/puebla.wordcamp.org\/2018\/sponsor\/vleeko\/\" class=\"more-link\">Continuar leyendo<span class=\"screen-reader-text\"> \"Vleeko\"<\/span><\/a><\/p>\n\t\t\t\t\t\t\t\t\t\t\t\t\t<\/div>\n\t\t\t\t\t<\/div><!-- #sponsor -->\n\t\t\t\t\n\t\t\t\t\t<div id=\"wcorg-sponsor-1764\" class=\"wcorg-sponsor\">\n\t\t\t\t\t\t\t\t\t\t\t\t\t\t\t\t\t\t\t\t\t<h3>\n\t\t\t\t\t\t\t\t\tWeGlot\t\t\t\t\t\t\t\t<\/h3>\n\t\t\t\t\t\t\t\t\t\t\t\t\t\n\t\t\t\t\t\t<div class=\"wcorg-sponsor-description\">\n\t\t\t\t\t\t\t\t\t\t\t\t\t\t\t<img data-recalc-dims=\"1\" loading=\"lazy\" decoding=\"async\" width=\"525\" height=\"152\" src=\"https:\/\/i0.wp.com\/puebla.wordcamp.org\/2018\/files\/2018\/10\/weglot.png?resize=525%2C152&#038;ssl=1\" class=\"attachment-wcb-sponsor-logo-horizontal-2x size-wcb-sponsor-logo-horizontal-2x wp-post-image\" alt=\"WeGlot\" srcset=\"https:\/\/i0.wp.com\/puebla.wordcamp.org\/2018\/files\/2018\/10\/weglot.png?w=1000&amp;ssl=1 1000w, https:\/\/i0.wp.com\/puebla.wordcamp.org\/2018\/files\/2018\/10\/weglot.png?resize=300%2C87&amp;ssl=1 300w, https:\/\/i0.wp.com\/puebla.wordcamp.org\/2018\/files\/2018\/10\/weglot.png?resize=768%2C222&amp;ssl=1 768w, https:\/\/i0.wp.com\/puebla.wordcamp.org\/2018\/files\/2018\/10\/weglot.png?resize=500%2C145&amp;ssl=1 500w\" sizes=\"auto, 100vw\" \/>\t\t\t\t\t\t\t\n\t\t\t\t\t\t\t\t\t\t\t\t\t\t\t<p>WEGLOT Weglot\u00a0is the best WordPress multilingual plugin to translate and display your website in different languages. Founded in 2016,\u00a0Weglot\u00a0is already powering more than 20,000 websites with an average rating of 4.9\/5.0 (500+ reviews on the official Directory). Key benefits include: Ease of use Multilingual SEO best practices Compatibility with any Themes and Plugin (incl. WooCommerce) &hellip; <\/p>\n<p class=\"link-more\"><a href=\"https:\/\/puebla.wordcamp.org\/2018\/sponsor\/weglot\/\" class=\"more-link\">Continuar leyendo<span class=\"screen-reader-text\"> \"WeGlot\"<\/span><\/a><\/p>\n\t\t\t\t\t\t\t\t\t\t\t\t\t<\/div>\n\t\t\t\t\t<\/div><!-- #sponsor -->\n\t\t\t\t\t\t\t<\/div><!-- .wcorg-sponsor-level -->\n\t\t\n\t\t\t<div class=\"wcorg-sponsor-level-in-kind\">\n\t\t\t\t<h2>In Kind<\/h2>\n\n\t\t\t\t\n\t\t\t\t\t<div id=\"wcorg-sponsor-1673\" class=\"wcorg-sponsor\">\n\t\t\t\t\t\t\t\t\t\t\t\t\t\t\t\t\t\t\t\t\t<h3>\n\t\t\t\t\t\t\t\t\tAeroplano Marketing\t\t\t\t\t\t\t\t<\/h3>\n\t\t\t\t\t\t\t\t\t\t\t\t\t\n\t\t\t\t\t\t<div class=\"wcorg-sponsor-description\">\n\t\t\t\t\t\t\t\t\t\t\t\t\t\t\t<img data-recalc-dims=\"1\" loading=\"lazy\" decoding=\"async\" width=\"500\" height=\"340\" src=\"https:\/\/i0.wp.com\/puebla.wordcamp.org\/2018\/files\/2018\/09\/LOGO-color-e1539664133917.png?resize=500%2C340&#038;ssl=1\" class=\"attachment-wcb-sponsor-logo-horizontal-2x size-wcb-sponsor-logo-horizontal-2x wp-post-image\" alt=\"Aeroplano Marketing\" sizes=\"auto, 100vw\" \/>\t\t\t\t\t\t\t\n\t\t\t\t\t\t\t\t\t\t\t\t\t\t\t<p>AEROPLANO Profesionales comprometidos con el crecimiento de cada una de nuestras marcas, sin importar las condiciones y dificultades.Formamos equipos de colaboraci\u00f3n interesados en el involucramiento integral con cada cliente<\/p>\n\t\t\t\t\t\t\t\t\t\t\t\t\t<\/div>\n\t\t\t\t\t<\/div><!-- #sponsor -->\n\t\t\t\t\t\t\t<\/div><!-- .wcorg-sponsor-level -->\n\t\t\t<\/div><!-- .wcorg-sponsors -->\n\n\t\n\t\t<\/div>\n<\/p><\/div>\n<\/section>\n","protected":false},"excerpt":{"rendered":"<p>SPONSORS<\/p>\n","protected":false},"author":15580649,"featured_media":0,"parent":0,"menu_order":0,"comment_status":"closed","ping_status":"closed","template":"","meta":{"jetpack_post_was_ever_published":false,"footnotes":""},"class_list":["post-1657","page","type-page","status-publish","hentry"],"jetpack_sharing_enabled":true,"jetpack_shortlink":"https:\/\/wp.me\/P9NyZQ-qJ","jetpack_likes_enabled":true,"_links":{"self":[{"href":"https:\/\/puebla.wordcamp.org\/2018\/wp-json\/wp\/v2\/pages\/1657","targetHints":{"allow":["GET"]}}],"collection":[{"href":"https:\/\/puebla.wordcamp.org\/2018\/wp-json\/wp\/v2\/pages"}],"about":[{"href":"https:\/\/puebla.wordcamp.org\/2018\/wp-json\/wp\/v2\/types\/page"}],"author":[{"embeddable":true,"href":"https:\/\/puebla.wordcamp.org\/2018\/wp-json\/wp\/v2\/users\/15580649"}],"replies":[{"embeddable":true,"href":"https:\/\/puebla.wordcamp.org\/2018\/wp-json\/wp\/v2\/comments?post=1657"}],"version-history":[{"count":6,"href":"https:\/\/puebla.wordcamp.org\/2018\/wp-json\/wp\/v2\/pages\/1657\/revisions"}],"predecessor-version":[{"id":2037,"href":"https:\/\/puebla.wordcamp.org\/2018\/wp-json\/wp\/v2\/pages\/1657\/revisions\/2037"}],"wp:attachment":[{"href":"https:\/\/puebla.wordcamp.org\/2018\/wp-json\/wp\/v2\/media?parent=1657"}],"curies":[{"name":"wp","href":"https:\/\/api.w.org\/{rel}","templated":true}]}}