{"id":1684,"date":"2018-10-11T22:27:25","date_gmt":"2018-10-12T03:27:25","guid":{"rendered":"https:\/\/2018.puebla.wordcamp.org\/?page_id=1684"},"modified":"2018-10-12T00:38:24","modified_gmt":"2018-10-12T05:38:24","slug":"como-llegar","status":"publish","type":"page","link":"https:\/\/puebla.wordcamp.org\/2018\/como-llegar\/","title":{"rendered":"\u00bfC\u00f3mo llegar?"},"content":{"rendered":"<section class=\"container-fluid comosec1\">\n<div class=\"row\">\n<div class=\"col-xl-12 col-lg-12 col-md-12 col-sm-12\">\n<h1>\u00bfC\u00f3mo llegar?<\/h1>\n<hr>\n<p>A continuaci\u00f3n te mostramos las rutas m\u00e1s comunes para llegar al evento, de igual manera las tarifas de ciertos medios de transporte<\/p>\n<\/p><\/div>\n<\/p><\/div>\n<\/section>\n<section class=\"container comosec2\">\n<div class=\"row\">\n<div class=\"col-xl-6 col-lg-6 col-md-6 col-sm-12\">\n<h1>Capu-Work\u00f3sfera<\/h1>\n<div class=\"googlemaps\">\n\t\t\t\t<iframe loading=\"lazy\" width=\"640\" height=\"480\" frameborder=\"0\" scrolling=\"no\" marginheight=\"0\" marginwidth=\"0\"  src=\"https:\/\/www.google.com\/maps\/d\/embed?mid=1K7RUepWAqyl3u45hRz8BFYl9IWx1dIkU\"><\/iframe>\n\t\t\t<\/div><\/div>\n<div class=\"col-xl-6 col-lg-6 col-md-6 col-sm-12\">\n<h1>Aeropuerto-Work\u00f3sfera<\/h1>\n<div class=\"googlemaps\">\n\t\t\t\t<iframe loading=\"lazy\" width=\"640\" height=\"480\" frameborder=\"0\" scrolling=\"no\" marginheight=\"0\" marginwidth=\"0\"  src=\"https:\/\/www.google.com\/maps\/d\/embed?mid=1ma2z9oluGcfqzOmQhBpWQBObnzb6AE_o\"><\/iframe>\n\t\t\t<\/div><\/div>\n<\/p><\/div>\n<\/section>\n<section class=\"container-fluid comosec3\">\n<div class=\"row\">\n<div class=\"col-xl-12 col-lg-12 col-md-12 col-sm-12\">\n<h1>Medios de transporte<\/h1>\n<hr><\/div>\n<\/p><\/div>\n<table class=\"table table-dark\">\n<thead>\n<tr>\n<th scope=\"col\">Ruta<\/th>\n<th scope=\"col\">Costo<\/th>\n<th scope=\"col\">Tipo de Transporte<\/th>\n<th scope=\"col\">Salidas<\/th>\n<\/tr>\n<\/thead>\n<tbody>\n<tr>\n<th scope=\"row\">AEROPUERTO DE HUEJOTZINGO A WORKORSFERA<\/th>\n<td>DE $257 A $358 MXN<\/td>\n<td>Uber<\/td>\n<td><\/td>\n<\/tr>\n<tr>\n<th scope=\"row\">CENTRAL CAPU A WORKOSFERA<\/th>\n<td>DE $59 A $78 MXN<\/td>\n<td>Uber<\/td>\n<td><\/td>\n<\/tr>\n<tr>\n<th scope=\"row\">CENTRAL 4 PONIENTE A WORKOSFERA<\/th>\n<td>DE $42 A $54 MXN<\/td>\n<td>Uber<\/td>\n<td><\/td>\n<\/tr>\n<tr>\n<th scope=\"row\">AEROPUERTO T1 CDMX A CAPU<\/th>\n<td>$310 MXN<\/td>\n<td>Estrella Roja<\/td>\n<td>14:15, 15:30, 16:30, 17:30HRS<\/td>\n<\/tr>\n<tr>\n<th scope=\"row\">AEROPUERTO T2 CDMX A CAPU<\/th>\n<td>$310 MXN<\/td>\n<td>Estrella Roja<\/td>\n<td>14:30, 15:45, 16:45, 17:45HRS<\/td>\n<\/tr>\n<tr>\n<th scope=\"row\">CENTRAL TAPO CDMX A CENTRAL CAPU<\/th>\n<td>DESDE $184 A $206 MXN<\/td>\n<td>Estrella Roja<\/td>\n<td>DESDE 4:30 A 22:35HRS<\/td>\n<\/tr>\n<tr>\n<th scope=\"row\">CENTRAL DEL NORTE A CAPU<\/th>\n<td>DESDE $228 MXN<\/td>\n<td>ADO<\/td>\n<td>DESDE 1:30HRS<\/td>\n<\/tr>\n<tr>\n<th scope=\"row\">CENTRAL TAPO CDMX A CENTRAL CAPU<\/th>\n<td>DESDE $186 MXN<\/td>\n<td>ADO<\/td>\n<td>SALIDAS DESDE 1:00HRS<\/td>\n<\/tr>\n<\/tbody>\n<\/table>\n<\/section>\n","protected":false},"excerpt":{"rendered":"<p>\u00bfC\u00f3mo llegar? A continuaci\u00f3n te mostramos las rutas m\u00e1s comunes para llegar al evento, de igual manera las tarifas de ciertos medios de transporte Capu-Work\u00f3sfera Aeropuerto-Work\u00f3sfera Medios de transporte Ruta Costo Tipo de Transporte Salidas AEROPUERTO DE HUEJOTZINGO A WORKORSFERA DE $257 A $358 MXN Uber CENTRAL CAPU A WORKOSFERA DE $59 A $78 MXN &hellip; <\/p>\n<p class=\"link-more\"><a href=\"https:\/\/puebla.wordcamp.org\/2018\/como-llegar\/\" class=\"more-link\">Continuar leyendo<span class=\"screen-reader-text\"> \u00ab\u00bfC\u00f3mo llegar?\u00bb<\/span><\/a><\/p>\n","protected":false},"author":15580649,"featured_media":0,"parent":0,"menu_order":0,"comment_status":"closed","ping_status":"closed","template":"","meta":{"jetpack_post_was_ever_published":false,"footnotes":""},"class_list":["post-1684","page","type-page","status-publish","hentry"],"jetpack_sharing_enabled":true,"jetpack_shortlink":"https:\/\/wp.me\/P9NyZQ-ra","jetpack_likes_enabled":true,"_links":{"self":[{"href":"https:\/\/puebla.wordcamp.org\/2018\/wp-json\/wp\/v2\/pages\/1684","targetHints":{"allow":["GET"]}}],"collection":[{"href":"https:\/\/puebla.wordcamp.org\/2018\/wp-json\/wp\/v2\/pages"}],"about":[{"href":"https:\/\/puebla.wordcamp.org\/2018\/wp-json\/wp\/v2\/types\/page"}],"author":[{"embeddable":true,"href":"https:\/\/puebla.wordcamp.org\/2018\/wp-json\/wp\/v2\/users\/15580649"}],"replies":[{"embeddable":true,"href":"https:\/\/puebla.wordcamp.org\/2018\/wp-json\/wp\/v2\/comments?post=1684"}],"version-history":[{"count":18,"href":"https:\/\/puebla.wordcamp.org\/2018\/wp-json\/wp\/v2\/pages\/1684\/revisions"}],"predecessor-version":[{"id":1721,"href":"https:\/\/puebla.wordcamp.org\/2018\/wp-json\/wp\/v2\/pages\/1684\/revisions\/1721"}],"wp:attachment":[{"href":"https:\/\/puebla.wordcamp.org\/2018\/wp-json\/wp\/v2\/media?parent=1684"}],"curies":[{"name":"wp","href":"https:\/\/api.w.org\/{rel}","templated":true}]}}