{"id":177,"date":"2019-09-08T15:14:51","date_gmt":"2019-09-08T20:14:51","guid":{"rendered":"https:\/\/2019.puebla.wordcamp.org\/?page_id=177"},"modified":"2019-11-11T15:45:24","modified_gmt":"2019-11-11T21:45:24","slug":"inicio","status":"publish","type":"page","link":"https:\/\/puebla.wordcamp.org\/2019\/","title":{"rendered":"\u00a1Gracias!"},"content":{"rendered":"<div id=\"main\">\n<div class=\"row gracias\">\n<div class=\"col-md-12\">\n<img loading=\"lazy\" decoding=\"async\" src=\"https:\/\/2019.puebla.wordcamp.org\/files\/2019\/11\/WhatsApp-Image-2019-11-11-at-14.06.28.jpeg\" alt=\"\" width=\"1280\" height=\"426\" class=\"alignnone size-full wp-image-1766\" srcset=\"https:\/\/puebla.wordcamp.org\/2019\/files\/2019\/11\/WhatsApp-Image-2019-11-11-at-14.06.28.jpeg 1280w, https:\/\/puebla.wordcamp.org\/2019\/files\/2019\/11\/WhatsApp-Image-2019-11-11-at-14.06.28-300x100.jpeg 300w, https:\/\/puebla.wordcamp.org\/2019\/files\/2019\/11\/WhatsApp-Image-2019-11-11-at-14.06.28-768x256.jpeg 768w, https:\/\/puebla.wordcamp.org\/2019\/files\/2019\/11\/WhatsApp-Image-2019-11-11-at-14.06.28-1024x341.jpeg 1024w, https:\/\/puebla.wordcamp.org\/2019\/files\/2019\/11\/WhatsApp-Image-2019-11-11-at-14.06.28-500x166.jpeg 500w\" sizes=\"auto, (max-width: 1280px) 100vw, 1280px\" \/><\/p>\n<p>\u00a1Muchas gracias a todos!<\/p>\n<p>WordCamp Puebla 2019, para los organizadores fue un reto personal y hasta profesional derivado de todo el trabajo que se ven\u00eda, para los voluntarios estoy casi seguro que fue una experiencia de servicio que no olvidaran durante mucho tiempo.<\/p>\n<p>Todos ustedes, los que llegaron, los que no llegaron sabemos han colaborado de una u otra forma para que se diera el WordCamp Puebla 2019, gracias al equipo organizador (Armando, Jair, Jesus y Paco) por no bajarse del barco y aguantar hasta el final, gracias por darme consejo, ayuda, acompa\u00f1arme, incluso rega\u00f1arme y guiar el camino al WordCamp. Este a\u00f1o fue particularmente interesante ya que de todos he aprendido algo y todos, inclusive muchos sin darse cuenta, han aportado algo para que se diera este gran evento.<\/p>\n<p>A nombre de la comunidad quiero agradecer a todos los speakers (ponentes) por su insaciable deseo de cambiar al mundo a trav\u00e9s de compartir sus conocimientos, muchas gracias porque sin importar si estaban en otro pa\u00eds como Frank o Chris decidieron emprender el vuelo (literal) y acompa\u00f1arnos, gracias por su disposici\u00f3n, gracias por su tiempo, gracias por compartir lo que saben, gracias por apoyar a la comunidad, gracias por creer en este proyecto llamado WordCamp Puebla 2019.<\/p>\n<p>A nuestros honorables invitados, si cada uno de ustedes, los asistentes que de igual forma no les import\u00f3 tener que viajar desde otros estados para poder acompa\u00f1arnos, gracias por asistir, gracias por disfrutar los contenidos, gracias por la paciencia porque sabemos que hubo un mont\u00f3n de fallas de nuestra parte, gracias por conservar la calma, gracias por no entrar en p\u00e1nico y aventar las sillas jajajaja (se que no lo har\u00edan), gracias por acompa\u00f1arnos en esta aventura que comenz\u00f3 hace 5 meses con la idea de llevar a cabo un evento que les aportar\u00e1 algo, no encantar\u00eda en verdad saber c\u00f3mo la comunidad les ha apoyado incluso si han conseguido algo como consecuencia de algo que aprendieron a trav\u00e9s del WordCamp.<\/p>\n<p>Tal como lo anunciamos al final del evento: \u201cnos encant\u00f3 recibirlos y nos vemos en WordCamp Puebla 2020\u201d que seguramente ser\u00e1 igual o m\u00e1s \u00e9pico que este que ha terminado y no se pierdan que la comunidad se re\u00fane cada mes, esta comunidad es de la comunidad y para la comunidad. \u00a1Gracias a todos por creer en el WordCamp Puebla 2019!.<\/p>\n<p>Atentamente<\/p>\n<p>Cristopher Garrido Martell<br \/>\nUno de los organizadores del WordCamp Puebla 2019<\/p>\n<\/p><\/div>\n<\/p><\/div>\n<\/div>\n<div id=\"main home\">\n<div class=\"row event\">\n<div class=\"col-md-5\"><img decoding=\"async\" src=\"https:\/\/2019.puebla.wordcamp.org\/files\/2019\/09\/angel-solo-small-c.png\" \/><\/div>\n<div class=\"col-md-7\">\n<h1>WordCamp Puebla 2019<\/h1>\n<h2>9 de noviembre 2019<\/h2>\n<h2>8:30am 6:00pm<\/h2>\n<\/div>\n<\/div>\n<section id=\"one\" class=\"tiles\">\n<article style=\"background-image: url('https:\/\/2019.puebla.wordcamp.org\/files\/2019\/09\/WCPUE-c.jpg')\"><span class=\"image\"><br \/>\n<img decoding=\"async\" src=\"https:\/\/2019.puebla.wordcamp.org\/files\/2019\/09\/WCPUE-c.jpg\" alt=\"WordCamp Puebla\" \/><br \/>\n<\/span><\/p>\n<header class=\"major\">\n<h3><a class=\"link\" href=\"https:\/\/2019.puebla.wordcamp.org\/organizers\/\">#WCPUEBLA2019<\/a><\/h3>\n<p>Conoce todo sobre los detalles del evento<\/p>\n<\/header>\n<\/article>\n<article style=\"background-image: url('https:\/\/2019.puebla.wordcamp.org\/files\/2019\/09\/tickets-c.jpg')\"><span class=\"image\"><br \/>\n<img decoding=\"async\" src=\"https:\/\/2019.puebla.wordcamp.org\/files\/2019\/09\/tickets-c.jpg\" alt=\"Boletos\" \/><br \/>\n<\/span><\/p>\n<header class=\"major\">\n<h3><a class=\"link\" href=\"https:\/\/2019.puebla.wordcamp.org\/boletos\/\" target=\"_blank\" rel=\"noopener noreferrer\">Boletos<\/a><\/h3>\n<p><a class=\"link\" href=\"https:\/\/2019.puebla.wordcamp.org\/boletos\/\" target=\"_blank\" rel=\"noopener noreferrer\">Compra tu boleto<\/a><\/p>\n<\/header>\n<\/article>\n<article style=\"background-image: url('https:\/\/2019.puebla.wordcamp.org\/files\/2019\/09\/ubicacion-c.jpg')\"><span class=\"image\"><br \/>\n<img decoding=\"async\" src=\"https:\/\/2019.puebla.wordcamp.org\/files\/2019\/09\/ubicacion-c.jpg\" alt=\"Ubicaci\u00f3n\" \/><br \/>\n<\/span><\/p>\n<header class=\"major\">\n<h3><a class=\"link\" href=\"https:\/\/2019.puebla.wordcamp.org\/contacto\/\">Ubicaci\u00f3n<\/a><\/h3>\n<p>\u00bfC\u00f3mo llegar?<\/p>\n<\/header>\n<\/article>\n<article style=\"background-image: url('https:\/\/2019.puebla.wordcamp.org\/files\/2019\/09\/ponentes-c.jpg')\"><span class=\"image\"><br \/>\n<img decoding=\"async\" src=\"https:\/\/2019.puebla.wordcamp.org\/files\/2019\/09\/ponentes-c.jpg\" alt=\"Ponentes\" \/><br \/>\n<\/span><\/p>\n<header class=\"major\">\n<h3><a class=\"link\" href=\"https:\/\/2019.puebla.wordcamp.org\/speakers\/\">Ponentes<\/a><\/h3>\n<p>-Todo sobre los speakers<\/p>\n<\/header>\n<\/article>\n<article style=\"background-image: url('https:\/\/2019.puebla.wordcamp.org\/files\/2019\/09\/Horarios-c.jpg')\"><span class=\"image\"><br \/>\n<img decoding=\"async\" src=\"https:\/\/2019.puebla.wordcamp.org\/files\/2019\/09\/Horarios-c.jpg\" alt=\"Horarios\" \/><br \/>\n<\/span><\/p>\n<header class=\"major\">\n<h3><a class=\"link\" href=\"https:\/\/2019.puebla.wordcamp.org\/agenda\/\">Horarios<\/a><\/h3>\n<p>Conoce la cartelera<\/p>\n<\/header>\n<\/article>\n<article style=\"background-image: url('https:\/\/2019.puebla.wordcamp.org\/files\/2019\/09\/sponsor-c.jpg')\"><span class=\"image\"><br \/>\n<img decoding=\"async\" src=\"https:\/\/2019.puebla.wordcamp.org\/files\/2019\/09\/sponsor-c.jpg\" alt=\"\" \/><br \/>\n<\/span><\/p>\n<header class=\"major\">\n<h3><a class=\"link\" href=\"https:\/\/2019.puebla.wordcamp.org\/sponsors\/\">Patrocinadores<\/a><\/h3>\n<p>Agradecemos a nuestros patrocinadores<\/p>\n<\/header>\n<\/article>\n<\/section>\n<section id=\"two\">\n<div class=\"row news\">\n<div class=\"col-md-8\">\n<div class=\"inner\">\n<header class=\"major\">\n<h3>Noticias<\/h3>\n<\/header>\n<p>Ent\u00e9rate de todas las novedades de este poderoso evento.<\/p>\n<ul class=\"actions\">\n<li><a class=\"button next btntick\" href=\"https:\/\/2019.puebla.wordcamp.org\/noticias\/\">Ver noticias<\/a><\/li>\n<\/ul>\n<\/div>\n<\/div>\n<div class=\"col-md-4\"><img decoding=\"async\" src=\"https:\/\/2019.puebla.wordcamp.org\/files\/2019\/09\/sticker-c.png\" \/><\/div>\n<\/div>\n<\/section>\n<\/div>\n","protected":false},"excerpt":{"rendered":"<p>\u00a1Muchas gracias a todos! WordCamp Puebla 2019, para los organizadores fue un reto personal y hasta profesional derivado de todo el trabajo que se ven\u00eda, para los voluntarios estoy casi seguro que fue una experiencia de servicio que no olvidaran durante mucho tiempo. Todos ustedes, los que llegaron, los que no llegaron sabemos han colaborado &hellip; <a href=\"https:\/\/puebla.wordcamp.org\/2019\/\" class=\"more-link\">Sigue leyendo<span class=\"screen-reader-text\"> \u00ab\u00a1Gracias!\u00bb<\/span><\/a><\/p>\n","protected":false},"author":15580649,"featured_media":0,"parent":0,"menu_order":0,"comment_status":"closed","ping_status":"closed","template":"","meta":{"_crdt_document":"","footnotes":""},"class_list":["post-177","page","type-page","status-publish","hentry"],"jetpack_sharing_enabled":true,"_links":{"self":[{"href":"https:\/\/puebla.wordcamp.org\/2019\/wp-json\/wp\/v2\/pages\/177","targetHints":{"allow":["GET"]}}],"collection":[{"href":"https:\/\/puebla.wordcamp.org\/2019\/wp-json\/wp\/v2\/pages"}],"about":[{"href":"https:\/\/puebla.wordcamp.org\/2019\/wp-json\/wp\/v2\/types\/page"}],"author":[{"embeddable":true,"href":"https:\/\/puebla.wordcamp.org\/2019\/wp-json\/wp\/v2\/users\/15580649"}],"replies":[{"embeddable":true,"href":"https:\/\/puebla.wordcamp.org\/2019\/wp-json\/wp\/v2\/comments?post=177"}],"version-history":[{"count":87,"href":"https:\/\/puebla.wordcamp.org\/2019\/wp-json\/wp\/v2\/pages\/177\/revisions"}],"predecessor-version":[{"id":1767,"href":"https:\/\/puebla.wordcamp.org\/2019\/wp-json\/wp\/v2\/pages\/177\/revisions\/1767"}],"wp:attachment":[{"href":"https:\/\/puebla.wordcamp.org\/2019\/wp-json\/wp\/v2\/media?parent=177"}],"curies":[{"name":"wp","href":"https:\/\/api.w.org\/{rel}","templated":true}]}}