{"id":427,"date":"2019-09-15T01:23:03","date_gmt":"2019-09-15T06:23:03","guid":{"rendered":"https:\/\/2019.puebla.wordcamp.org\/?page_id=427"},"modified":"2019-09-28T19:37:03","modified_gmt":"2019-09-29T00:37:03","slug":"wordcamp-puebla","status":"publish","type":"page","link":"https:\/\/puebla.wordcamp.org\/2019\/wordcamp-puebla\/","title":{"rendered":"WordCamp Puebla"},"content":{"rendered":"<div id=\"main\">\n<div class=\"highlight-phone\">\n<div class=\"container\">\n<div class=\"row\">\n<div class=\"col-md-8\">\n<div class=\"intro\">\n<h2>WordCamp en Puebla 2018<\/h2>\n<p>El 2018 fue un gran a\u00f1o para la comunidad, nos hemos llevado una grata sorpresa en nuestro primer WordCamp.<\/p>\n<h2>Numeralia<\/h2>\n<p>136 asistentes, 18 speakers, 11 patrocinadores, 24 horas de contenido, 18 platicas, 3 talleres.<\/p>\n<\/div>\n<\/div>\n<div class=\"col-sm-4\">\n<div class=\"d-none d-md-block iphone-mockup\"> <div class=\"jetpack-video-wrapper\"><span class=\"embed-youtube\" style=\"text-align:center; display: block;\"><iframe loading=\"lazy\" class=\"youtube-player\" width=\"660\" height=\"415\" src=\"https:\/\/www.youtube.com\/embed\/0YWX4Ls8X5k?version=3&#038;rel=1&#038;showsearch=0&#038;showinfo=1&#038;iv_load_policy=1&#038;fs=1&#038;hl=es-ES&#038;autohide=2&#038;wmode=transparent\" allowfullscreen=\"true\" style=\"border:0;\" sandbox=\"allow-scripts allow-same-origin allow-popups allow-presentation allow-popups-to-escape-sandbox\"><\/iframe><\/span><\/div><\/div>\n<\/div>\n<\/div>\n<div class=\"row\">\n<div class=\"col-md-6\">\n<div class=\"intro\">\n<h1>WordCamp Puebla 2019<\/h1>\n<p>El pr\u00f3ximo 9 de noviembre 2019 la comunidad WordPress Puebla se viste de gala para brindarte una oportunidad imperdible para reunirte con la gran comunidad de usuarios de WordPress de Puebla y otras ciudades, as\u00ed c\u00f3mo diversos invitados de otras comunidades de M\u00e9xico y alrededor del mundo, que se unir\u00e1n en una celebraci\u00f3n de nuestra pasi\u00f3n por la tecnolog\u00eda y por compartir nuestras experiencias de usuarios con los dem\u00e1s.<\/p>\n<p>Si quieres ser parte de este gran evento corre a comprar tu boletos para que puedas disfrutar de la celebraci\u00f3n del WordCamp Puebla 2019 el S\u00e1bado 9 de Noviembre.<\/p>\n<\/div>\n<\/div>\n<div class=\"col-md-6\">\n                        <img decoding=\"async\" src=\"https:\/\/2019.puebla.wordcamp.org\/files\/2019\/09\/angel-static-med-c.png\"><\/div>\n<\/div>\n<\/div>\n<\/div>\n<\/div>\n","protected":false},"excerpt":{"rendered":"<p>WordCamp en Puebla 2018 El 2018 fue un gran a\u00f1o para la comunidad, nos hemos llevado una grata sorpresa en nuestro primer WordCamp. Numeralia 136 asistentes, 18 speakers, 11 patrocinadores, 24 horas de contenido, 18 platicas, 3 talleres. WordCamp Puebla 2019 El pr\u00f3ximo 9 de noviembre 2019 la comunidad WordPress Puebla se viste de gala &hellip; <a href=\"https:\/\/puebla.wordcamp.org\/2019\/wordcamp-puebla\/\" class=\"more-link\">Sigue leyendo<span class=\"screen-reader-text\"> \u00abWordCamp Puebla\u00bb<\/span><\/a><\/p>\n","protected":false},"author":15580649,"featured_media":0,"parent":0,"menu_order":0,"comment_status":"closed","ping_status":"closed","template":"","meta":{"jetpack_post_was_ever_published":false,"footnotes":""},"class_list":["post-427","page","type-page","status-publish","hentry"],"jetpack_sharing_enabled":true,"_links":{"self":[{"href":"https:\/\/puebla.wordcamp.org\/2019\/wp-json\/wp\/v2\/pages\/427","targetHints":{"allow":["GET"]}}],"collection":[{"href":"https:\/\/puebla.wordcamp.org\/2019\/wp-json\/wp\/v2\/pages"}],"about":[{"href":"https:\/\/puebla.wordcamp.org\/2019\/wp-json\/wp\/v2\/types\/page"}],"author":[{"embeddable":true,"href":"https:\/\/puebla.wordcamp.org\/2019\/wp-json\/wp\/v2\/users\/15580649"}],"replies":[{"embeddable":true,"href":"https:\/\/puebla.wordcamp.org\/2019\/wp-json\/wp\/v2\/comments?post=427"}],"version-history":[{"count":15,"href":"https:\/\/puebla.wordcamp.org\/2019\/wp-json\/wp\/v2\/pages\/427\/revisions"}],"predecessor-version":[{"id":759,"href":"https:\/\/puebla.wordcamp.org\/2019\/wp-json\/wp\/v2\/pages\/427\/revisions\/759"}],"wp:attachment":[{"href":"https:\/\/puebla.wordcamp.org\/2019\/wp-json\/wp\/v2\/media?parent=427"}],"curies":[{"name":"wp","href":"https:\/\/api.w.org\/{rel}","templated":true}]}}