{"id":495,"date":"2019-09-19T00:39:15","date_gmt":"2019-09-19T05:39:15","guid":{"rendered":"https:\/\/2019.puebla.wordcamp.org\/?page_id=495"},"modified":"2019-10-25T22:13:12","modified_gmt":"2019-10-26T03:13:12","slug":"convocatoria-de-speakers","status":"publish","type":"page","link":"https:\/\/puebla.wordcamp.org\/2019\/convocatoria-de-speakers\/","title":{"rendered":"Convocatoria de Speakers"},"content":{"rendered":"\r\n<div class=\"highlight-phone speakers\">\r\n<div class=\"container\">\r\n<div class=\"row\">\r\n<div class=\"col-md-8\">\r\n<div class=\"intro\">\r\n<h2>\u00a1Buscamos a los mejores Speakers!<\/h2>\r\n<p>En nuestro 2do Wordcamp necesitamos contar con los mejores expositores, queremos cosechar \u00e9xitos y buenas experiencias y contigo es posible.<\/p>\r\n<h2>\u00bfTienes un tema que la comunidad de WordPress e inform\u00e1ticos necesita escuchar?<\/h2>\r\n<p>El WordCamp es tu oportunidad, puedes compartir conocimientos sobre WordPress, dise\u00f1o, desarrollo y programaci\u00f3n, UX\/UI, SEO, marketing, negocios y mucho m\u00e1s. +200 participantes y grandes patrocinadores si deseas participar puedes aplicar como speaker en alguno de los temas de inter\u00e9s relacionados con el evento.<\/p>\r\n<\/div>\r\n<\/div>\r\n<div class=\"col-sm-4\">\r\n<div class=\"d-none d-md-block iphone-mockup\"><img decoding=\"async\" class=\"device\" src=\"https:\/\/2019.puebla.wordcamp.org\/files\/2019\/09\/iphone.png\" \/>\r\n<div class=\"screen\" style=\"background-image: url('https:\/\/2019.puebla.wordcamp.org\/files\/2019\/09\/IMG_8375-1.jpg')\">\u00a0<\/div>\r\n<\/div>\r\n<\/div>\r\n<\/div>\r\n<div class=\"row\">\r\n<div class=\"col-sm-4\">\r\n<div class=\"d-none d-md-block iphone-mockup\"><img decoding=\"async\" class=\"device\" src=\"https:\/\/2019.puebla.wordcamp.org\/files\/2019\/09\/iphone.png\" \/>\r\n<div class=\"screen\" style=\"background-image: url('https:\/\/2019.puebla.wordcamp.org\/files\/2019\/09\/IMG_8375-1.jpg')\">\u00a0<\/div>\r\n<\/div>\r\n<\/div>\r\n<div class=\"col-md-8\">\r\n<div class=\"intro\">\r\n<h2>Formato de las charlas<\/h2>\r\n<p>Las sesiones ser\u00e1n de unos 30 minutos de duraci\u00f3n y 15 minutos adicionales para que los asistentes puedan realizar preguntas. Si tienes m\u00e1s de una idea puedes enviarlas todas, nosotros seleccionaremos la que m\u00e1s encaje con el programa. Por favor, env\u00eda una propuesta en cada aplicaci\u00f3n.<\/p>\r\n<h2>\u00bfQu\u00e9 buscamos?<\/h2>\r\n<p>Queremos temas interesantes dentro de \u00e1reas espec\u00edficas, presentaciones innovadoras, con temas actuales que inspiren a la audiencia para crear grandes estrategias de negocio. Nos encantar\u00eda seguir fortaleciendo la Comunidad de WordPress Puebla y mantener contacto despu\u00e9s del evento. \u00a1Cu\u00e9ntanos tus ideas! \u00bfYa tienes algo en mente? \u00a1No esperes m\u00e1s y env\u00edanos tu propuesta! Para ayudarte a preparar tu propuesta, te mostramos algunos temas de ejemplo que han sido interesantes para nuestra audiencia, \u00a1Recuerda que no son los \u00fanicos! \u00a1Innovaci\u00f3n y nuevas propuestas es lo que buscamos!<\/p>\r\n<\/div>\r\n<\/div>\r\n<\/div>\r\n<\/div>\r\n<\/div>\r\n<img loading=\"lazy\" decoding=\"async\" src=\"https:\/\/2019.puebla.wordcamp.org\/files\/2019\/10\/WhatsApp-Image-2019-10-25-at-22.09.41.jpeg\" alt=\"\" width=\"1200\" height=\"1200\" class=\"alignnone size-full wp-image-1606\" srcset=\"https:\/\/puebla.wordcamp.org\/2019\/files\/2019\/10\/WhatsApp-Image-2019-10-25-at-22.09.41.jpeg 1200w, https:\/\/puebla.wordcamp.org\/2019\/files\/2019\/10\/WhatsApp-Image-2019-10-25-at-22.09.41-150x150.jpeg 150w, https:\/\/puebla.wordcamp.org\/2019\/files\/2019\/10\/WhatsApp-Image-2019-10-25-at-22.09.41-300x300.jpeg 300w, https:\/\/puebla.wordcamp.org\/2019\/files\/2019\/10\/WhatsApp-Image-2019-10-25-at-22.09.41-768x768.jpeg 768w, https:\/\/puebla.wordcamp.org\/2019\/files\/2019\/10\/WhatsApp-Image-2019-10-25-at-22.09.41-1024x1024.jpeg 1024w\" sizes=\"auto, (max-width: 1200px) 100vw, 1200px\" \/>","protected":false},"excerpt":{"rendered":"<p>\u00a1Buscamos a los mejores Speakers! En nuestro 2do Wordcamp necesitamos contar con los mejores expositores, queremos cosechar \u00e9xitos y buenas experiencias y contigo es posible. \u00bfTienes un tema que la comunidad de WordPress e inform\u00e1ticos necesita escuchar? El WordCamp es tu oportunidad, puedes compartir conocimientos sobre WordPress, dise\u00f1o, desarrollo y programaci\u00f3n, UX\/UI, SEO, marketing, negocios &hellip; <a href=\"https:\/\/puebla.wordcamp.org\/2019\/convocatoria-de-speakers\/\" class=\"more-link\">Sigue leyendo<span class=\"screen-reader-text\"> \u00abConvocatoria de Speakers\u00bb<\/span><\/a><\/p>\n","protected":false},"author":15580649,"featured_media":0,"parent":0,"menu_order":0,"comment_status":"closed","ping_status":"closed","template":"","meta":{"_crdt_document":"","footnotes":""},"class_list":["post-495","page","type-page","status-publish","hentry"],"jetpack_sharing_enabled":true,"_links":{"self":[{"href":"https:\/\/puebla.wordcamp.org\/2019\/wp-json\/wp\/v2\/pages\/495","targetHints":{"allow":["GET"]}}],"collection":[{"href":"https:\/\/puebla.wordcamp.org\/2019\/wp-json\/wp\/v2\/pages"}],"about":[{"href":"https:\/\/puebla.wordcamp.org\/2019\/wp-json\/wp\/v2\/types\/page"}],"author":[{"embeddable":true,"href":"https:\/\/puebla.wordcamp.org\/2019\/wp-json\/wp\/v2\/users\/15580649"}],"replies":[{"embeddable":true,"href":"https:\/\/puebla.wordcamp.org\/2019\/wp-json\/wp\/v2\/comments?post=495"}],"version-history":[{"count":18,"href":"https:\/\/puebla.wordcamp.org\/2019\/wp-json\/wp\/v2\/pages\/495\/revisions"}],"predecessor-version":[{"id":1607,"href":"https:\/\/puebla.wordcamp.org\/2019\/wp-json\/wp\/v2\/pages\/495\/revisions\/1607"}],"wp:attachment":[{"href":"https:\/\/puebla.wordcamp.org\/2019\/wp-json\/wp\/v2\/media?parent=495"}],"curies":[{"name":"wp","href":"https:\/\/api.w.org\/{rel}","templated":true}]}}