{"id":8,"date":"2019-06-11T09:33:59","date_gmt":"2019-06-11T09:33:59","guid":{"rendered":"https:\/\/2019.puebla.wordcamp.org\/speakers\/"},"modified":"2019-10-15T02:20:31","modified_gmt":"2019-10-15T07:20:31","slug":"speakers","status":"publish","type":"page","link":"https:\/\/puebla.wordcamp.org\/2019\/speakers\/","title":{"rendered":"Speakers"},"content":{"rendered":"\r\n<p class=\"has-background wp-block-paragraph\" style=\"background-color: #eeeeee\"><i>Conoce al grupo de expertos que compartir\u00e1 su expertise y conocimiento contigo<\/i><\/p>\r\n\r\n\r\n\n\t<div class=\"wcorg-speakers\">\n\n\t\t\n\t\t\t<!-- Organizers note: The id attribute is deprecated and only remains for backwards compatibility, please use the corresponding class to target individual speakers -->\n\t\t\t<div id=\"wcorg-speaker-nelli-aca\" class=\"wcorg-speaker wcorg-speaker-nelli-aca wcorg-track-casual\">\n\t\t\t\t<h2>\n\t\t\t\t\t\n\t\t\t\t\t\tNelli Aca\n\t\t\t\t\t\t\t\t\t<\/h2>\n\n\t\t\t\t<div class=\"wcorg-speaker-description\">\n\t\t\t\t\t<img alt='' src='https:\/\/secure.gravatar.com\/avatar\/c2fc30afa222f73b1a823e7e91ce6d4dd669792d32c9ca3e39077150c8757772?s=100&#038;d=mm&#038;r=g' srcset='https:\/\/secure.gravatar.com\/avatar\/c2fc30afa222f73b1a823e7e91ce6d4dd669792d32c9ca3e39077150c8757772?s=200&#038;d=mm&#038;r=g 2x' class='avatar avatar-100 photo' height='100' width='100' \/>\t\t\t\t\t\n<p class=\"wp-block-paragraph\">Nelli Aca es pionera en la revoluci\u00f3n innovadora de la gesti\u00f3n de Recursos Humanos, contendencias\nvanguardistas para mejorar la productividad de los colaboradores y felicidad en el trabajo.\n<\/p>\n\n\n\n<p class=\"wp-block-paragraph\">16 a\u00f1os de experiencia en: Recursos humanos (Reclutamiento, Capacitaci\u00f3n, Desarrollo Organizacional, Responsabilidad Social Empresarial, Employee Experience, Employer Branding), Mercadotecnia (Eventos corporativos, Alianzas estrat\u00e9gicas), Procesos (Documentar, Reingenier\u00eda, Transformaci\u00f3n Organizacional &amp; Mejora Continua)&#8230; <\/p>\n\t\t\t\t<\/div>\n\t\t\t<\/div>\n\n\t\t\n\t\t\t<!-- Organizers note: The id attribute is deprecated and only remains for backwards compatibility, please use the corresponding class to target individual speakers -->\n\t\t\t<div id=\"wcorg-speaker-carla-ortega-davalillo\" class=\"wcorg-speaker wcorg-speaker-carla-ortega-davalillo wcorg-track-casual\">\n\t\t\t\t<h2>\n\t\t\t\t\t\n\t\t\t\t\t\tCarla Ortega Davalillo\n\t\t\t\t\t\t\t\t\t<\/h2>\n\n\t\t\t\t<div class=\"wcorg-speaker-description\">\n\t\t\t\t\t<img alt='' src='https:\/\/secure.gravatar.com\/avatar\/4997f17a48e0984f2426fdfee43a629c2de1fb739ceed2a365ca33941ed4b48d?s=100&#038;d=mm&#038;r=g' srcset='https:\/\/secure.gravatar.com\/avatar\/4997f17a48e0984f2426fdfee43a629c2de1fb739ceed2a365ca33941ed4b48d?s=200&#038;d=mm&#038;r=g 2x' class='avatar avatar-100 photo' height='100' width='100' \/>\t\t\t\t\t\t\t\t\t<\/div>\n\t\t\t<\/div>\n\n\t\t\n\t\t\t<!-- Organizers note: The id attribute is deprecated and only remains for backwards compatibility, please use the corresponding class to target individual speakers -->\n\t\t\t<div id=\"wcorg-speaker-jesus-manuel-hernandez-lezama\" class=\"wcorg-speaker wcorg-speaker-jesus-manuel-hernandez-lezama wcorg-track-specialist\">\n\t\t\t\t<h2>\n\t\t\t\t\t\n\t\t\t\t\t\tJesus Manuel Hern\u00e1ndez Lezama\n\t\t\t\t\t\t\t\t\t<\/h2>\n\n\t\t\t\t<div class=\"wcorg-speaker-description\">\n\t\t\t\t\t<img alt='' src='https:\/\/secure.gravatar.com\/avatar\/da3351774cd49f7f4cdfa07f52ca50311833a57093bb53a0482094e7145bbc65?s=100&#038;d=mm&#038;r=g' srcset='https:\/\/secure.gravatar.com\/avatar\/da3351774cd49f7f4cdfa07f52ca50311833a57093bb53a0482094e7145bbc65?s=200&#038;d=mm&#038;r=g 2x' class='avatar avatar-100 photo' height='100' width='100' \/>\t\t\t\t\t\n<p class=\"wp-block-paragraph\">Desde el 2010 he estado involucrado en diferentes proyectos y trabajos relacionados con WordPress, linux y marketing digital.<br>Actualmente trabajo generando la estrategia y optimizaci\u00f3n de campa\u00f1as digitales para m\u00faltiples clientes y sectores.<\/p>\n\t\t\t\t<\/div>\n\t\t\t<\/div>\n\n\t\t\n\t\t\t<!-- Organizers note: The id attribute is deprecated and only remains for backwards compatibility, please use the corresponding class to target individual speakers -->\n\t\t\t<div id=\"wcorg-speaker-armando-sanchez\" class=\"wcorg-speaker wcorg-speaker-armando-sanchez wcorg-track-casual wcorg-track-specialist\">\n\t\t\t\t<h2>\n\t\t\t\t\t\n\t\t\t\t\t\tArmando S\u00e1nchez\n\t\t\t\t\t\t\t\t\t<\/h2>\n\n\t\t\t\t<div class=\"wcorg-speaker-description\">\n\t\t\t\t\t<img alt='' src='https:\/\/secure.gravatar.com\/avatar\/94ba70b936d8a20e700fa6a73d4824fd1b5156624b1b3afab77c78976c8b5f3f?s=100&#038;d=mm&#038;r=g' srcset='https:\/\/secure.gravatar.com\/avatar\/94ba70b936d8a20e700fa6a73d4824fd1b5156624b1b3afab77c78976c8b5f3f?s=200&#038;d=mm&#038;r=g 2x' class='avatar avatar-100 photo' height='100' width='100' \/>\t\t\t\t\t\n<p class=\"wp-block-paragraph\">Webmaster. Ingeniero en Computaci\u00f3n de profesi\u00f3n y dise\u00f1ador por hobby. He trabajado en WordPress y Woocommerce desde hace algunos a\u00f1os, moviendo un poquito de aqu\u00ed y de all\u00e1. Co-organizador de&nbsp;<a href=\"https:\/\/twitter.com\/wppuebla\">@wppuebla<\/a>. Apoy\u00e9 como voluntario en el pasado <a href=\"https:\/\/twitter.com\/wpcdmx\">@WPCDMX<\/a>&nbsp;y otros eventos. <\/p>\n\t\t\t\t<\/div>\n\t\t\t<\/div>\n\n\t\t\n\t\t\t<!-- Organizers note: The id attribute is deprecated and only remains for backwards compatibility, please use the corresponding class to target individual speakers -->\n\t\t\t<div id=\"wcorg-speaker-jesus-franco-martinez\" class=\"wcorg-speaker wcorg-speaker-jesus-franco-martinez wcorg-track-casual wcorg-track-specialist\">\n\t\t\t\t<h2>\n\t\t\t\t\t\n\t\t\t\t\t\tJesus Franco Martinez\n\t\t\t\t\t\t\t\t\t<\/h2>\n\n\t\t\t\t<div class=\"wcorg-speaker-description\">\n\t\t\t\t\t<img alt='' src='https:\/\/secure.gravatar.com\/avatar\/2f01afc6e15ca1ba483cc1773c5f5d1b6c5f5fa98e0fe224ae8410048eb84041?s=100&#038;d=mm&#038;r=g' srcset='https:\/\/secure.gravatar.com\/avatar\/2f01afc6e15ca1ba483cc1773c5f5d1b6c5f5fa98e0fe224ae8410048eb84041?s=200&#038;d=mm&#038;r=g 2x' class='avatar avatar-100 photo' height='100' width='100' \/>\t\t\t\t\t\n<p class=\"wp-block-paragraph\"> Autodidacta, me gusta el c\u00f3digo limpio, la programaci\u00f3n funcional y las aplicaciones \u00e1giles y accesibles a todos desde hace 8 a\u00f1os. La seguridad quiere decir cuidar de tus usuarios, que las aplicaciones sean \u00e1giles y ligeras es evitar que los pierdas antes de que te conozcan. No s\u00e9 combinar colores, pero s\u00ed hablar en los lenguajes necesarios para que las m\u00e1quinas ayuden a la gente a conocer, divertirse y compartir.  <\/p>\n\t\t\t\t<\/div>\n\t\t\t<\/div>\n\n\t\t\n\t\t\t<!-- Organizers note: The id attribute is deprecated and only remains for backwards compatibility, please use the corresponding class to target individual speakers -->\n\t\t\t<div id=\"wcorg-speaker-francisco-calderon\" class=\"wcorg-speaker wcorg-speaker-francisco-calderon wcorg-track-casual wcorg-track-specialist\">\n\t\t\t\t<h2>\n\t\t\t\t\t\n\t\t\t\t\t\tFrancisco Calderon\n\t\t\t\t\t\t\t\t\t<\/h2>\n\n\t\t\t\t<div class=\"wcorg-speaker-description\">\n\t\t\t\t\t<img alt='' src='https:\/\/secure.gravatar.com\/avatar\/2995b75a0e030ab0f48af0245aa12a9ebfd1a659005f185bb78b812f7015840e?s=100&#038;d=mm&#038;r=g' srcset='https:\/\/secure.gravatar.com\/avatar\/2995b75a0e030ab0f48af0245aa12a9ebfd1a659005f185bb78b812f7015840e?s=200&#038;d=mm&#038;r=g 2x' class='avatar avatar-100 photo' height='100' width='100' \/>\t\t\t\t\t\n<p class=\"wp-block-paragraph\">Desarrollador Full Stack, emprendedor y educador. Co-fundador de la comunidad de WordPress Guatemala, con 10 a\u00f1os de experiencia en Desarrollo Web y 9 a\u00f1os utilizando WordPress.<\/p>\n\n\n\n<p class=\"wp-block-paragraph\">Co-fundador de Flatbox, empresa dedicada a la creaci\u00f3n de soluciones IoT y finalista del IoT \/ M2M Innovation World Cup 2017. Ha estado de un cargo de la integraci\u00f3n de WordPress con soluciones IoT.<\/p>\n\n\n\n<p class=\"wp-block-paragraph\">Comprometido con la educaci\u00f3n participa en diferentes proyectos impartiendo cursos y talleres de programaci\u00f3n, rob\u00f3tica e IoT.<\/p>\n\t\t\t\t<\/div>\n\t\t\t<\/div>\n\n\t\t\n\t\t\t<!-- Organizers note: The id attribute is deprecated and only remains for backwards compatibility, please use the corresponding class to target individual speakers -->\n\t\t\t<div id=\"wcorg-speaker-chris-lema\" class=\"wcorg-speaker wcorg-speaker-chris-lema wcorg-track-specialist\">\n\t\t\t\t<h2>\n\t\t\t\t\t\n\t\t\t\t\t\tChris Lema\n\t\t\t\t\t\t\t\t\t<\/h2>\n\n\t\t\t\t<div class=\"wcorg-speaker-description\">\n\t\t\t\t\t<img alt='' src='https:\/\/secure.gravatar.com\/avatar\/ec0be959fade9c4dea058f07f49918e3245931a516445d4f57c07eb531e35787?s=100&#038;d=mm&#038;r=g' srcset='https:\/\/secure.gravatar.com\/avatar\/ec0be959fade9c4dea058f07f49918e3245931a516445d4f57c07eb531e35787?s=200&#038;d=mm&#038;r=g 2x' class='avatar avatar-100 photo' height='100' width='100' \/>\t\t\t\t\t\n<p class=\"wp-block-paragraph\">VP of Products, Liquid Web &#8211; creator of Managed WooCommerce.<\/p>\n\t\t\t\t<\/div>\n\t\t\t<\/div>\n\n\t\t\n\t\t\t<!-- Organizers note: The id attribute is deprecated and only remains for backwards compatibility, please use the corresponding class to target individual speakers -->\n\t\t\t<div id=\"wcorg-speaker-mario-aguiar\" class=\"wcorg-speaker wcorg-speaker-mario-aguiar wcorg-track-specialist\">\n\t\t\t\t<h2>\n\t\t\t\t\t\n\t\t\t\t\t\tMario Aguiar\n\t\t\t\t\t\t\t\t\t<\/h2>\n\n\t\t\t\t<div class=\"wcorg-speaker-description\">\n\t\t\t\t\t<img alt='' src='https:\/\/secure.gravatar.com\/avatar\/785f5fbea73c7cb73b9836418e79207ca732bd68687424f0fe888f705b589e88?s=100&#038;d=mm&#038;r=g' srcset='https:\/\/secure.gravatar.com\/avatar\/785f5fbea73c7cb73b9836418e79207ca732bd68687424f0fe888f705b589e88?s=200&#038;d=mm&#038;r=g 2x' class='avatar avatar-100 photo' height='100' width='100' \/>\t\t\t\t\t\n<p class=\"wp-block-paragraph\">Frontend developer especializado en WordPress con m\u00e1s de 10 a\u00f1os de experiencia.<\/p>\n\t\t\t\t<\/div>\n\t\t\t<\/div>\n\n\t\t\n\t\t\t<!-- Organizers note: The id attribute is deprecated and only remains for backwards compatibility, please use the corresponding class to target individual speakers -->\n\t\t\t<div id=\"wcorg-speaker-alberto-enrique-contreras-romero-2\" class=\"wcorg-speaker wcorg-speaker-alberto-enrique-contreras-romero-2 wcorg-track-casual\">\n\t\t\t\t<h2>\n\t\t\t\t\t\n\t\t\t\t\t\tAlberto Enrique Contreras Romero\n\t\t\t\t\t\t\t\t\t<\/h2>\n\n\t\t\t\t<div class=\"wcorg-speaker-description\">\n\t\t\t\t\t<img alt='' src='https:\/\/secure.gravatar.com\/avatar\/09d2fa1359aa4a58b4ec995158ddd047ffaaf7c98825287e61d8cfa7ab31b35f?s=100&#038;d=mm&#038;r=g' srcset='https:\/\/secure.gravatar.com\/avatar\/09d2fa1359aa4a58b4ec995158ddd047ffaaf7c98825287e61d8cfa7ab31b35f?s=200&#038;d=mm&#038;r=g 2x' class='avatar avatar-100 photo' height='100' width='100' \/>\t\t\t\t\t\n<p class=\"wp-block-paragraph\">Desarrollador web con 13 a\u00f1os de experiencia trabajando en el ramo en agencias como Llorente y cuenca, residencia, tierra de ideas y an\u00f3nimo, actualmente freelance especializado en el desarrollo de web apps con WordPress.<\/p>\n\t\t\t\t<\/div>\n\t\t\t<\/div>\n\n\t\t\n\t\t\t<!-- Organizers note: The id attribute is deprecated and only remains for backwards compatibility, please use the corresponding class to target individual speakers -->\n\t\t\t<div id=\"wcorg-speaker-ricardo-alday\" class=\"wcorg-speaker wcorg-speaker-ricardo-alday wcorg-track-casual wcorg-track-specialist wcorg-track-workshop-specialist\">\n\t\t\t\t<h2>\n\t\t\t\t\t\n\t\t\t\t\t\tRicardo Alday\n\t\t\t\t\t\t\t\t\t<\/h2>\n\n\t\t\t\t<div class=\"wcorg-speaker-description\">\n\t\t\t\t\t<img alt='' src='https:\/\/secure.gravatar.com\/avatar\/a567e614662df8a573e18197424d31187e15a1167328a570914b0bd9532a4e63?s=100&#038;d=mm&#038;r=g' srcset='https:\/\/secure.gravatar.com\/avatar\/a567e614662df8a573e18197424d31187e15a1167328a570914b0bd9532a4e63?s=200&#038;d=mm&#038;r=g 2x' class='avatar avatar-100 photo' height='100' width='100' \/>\t\t\t\t\t\n<p class=\"wp-block-paragraph\">Soy un dise\u00f1ador digital con 20 a\u00f1os de experiencia. Llevo mas de 10 a\u00f1os trabajando con WordPress en \u00e1reas de desarrollo frontend y backend.<\/p>\n\t\t\t\t<\/div>\n\t\t\t<\/div>\n\n\t\t\n\t\t\t<!-- Organizers note: The id attribute is deprecated and only remains for backwards compatibility, please use the corresponding class to target individual speakers -->\n\t\t\t<div id=\"wcorg-speaker-jair-garrido\" class=\"wcorg-speaker wcorg-speaker-jair-garrido wcorg-track-specialist wcorg-track-workshop-casual\">\n\t\t\t\t<h2>\n\t\t\t\t\t\n\t\t\t\t\t\tJair Garrido\n\t\t\t\t\t\t\t\t\t<\/h2>\n\n\t\t\t\t<div class=\"wcorg-speaker-description\">\n\t\t\t\t\t<img alt='' src='https:\/\/secure.gravatar.com\/avatar\/157714f2f0f15446b1e1adc0667968dfbda034862128d24cd59b23e927ae8231?s=100&#038;d=mm&#038;r=g' srcset='https:\/\/secure.gravatar.com\/avatar\/157714f2f0f15446b1e1adc0667968dfbda034862128d24cd59b23e927ae8231?s=200&#038;d=mm&#038;r=g 2x' class='avatar avatar-100 photo' height='100' width='100' \/>\t\t\t\t\t\n<p class=\"wp-block-paragraph\">Emprendedor, Desarrollador\/Woocommerce Developer, WordPress Lover.<br><br>Co-organizador de los meetups de\u00a0<a href=\"https:\/\/twitter.com\/wppuebla\">@wppuebla<\/a>. Co-organizador de los WordCamp 2018 y 2019 Puebla. <br> Me puedes encontrar en\u00a0<a rel=\"noreferrer noopener\" href=\"https:\/\/instagram.com\/soymartello\/\" target=\"_blank\">@soymartello<\/a> y\u00a0<a rel=\"noreferrer noopener\" href=\"https:\/\/profiles.wordpress.org\/jairgmartell\/\" target=\"_blank\">@jairgmartell<\/a>  <\/p>\n\t\t\t\t<\/div>\n\t\t\t<\/div>\n\n\t\t\n\t\t\t<!-- Organizers note: The id attribute is deprecated and only remains for backwards compatibility, please use the corresponding class to target individual speakers -->\n\t\t\t<div id=\"wcorg-speaker-daniel-rodriguez-delgado\" class=\"wcorg-speaker wcorg-speaker-daniel-rodriguez-delgado wcorg-track-casual\">\n\t\t\t\t<h2>\n\t\t\t\t\t\n\t\t\t\t\t\tDaniel Rodr\u00edguez Delgado\n\t\t\t\t\t\t\t\t\t<\/h2>\n\n\t\t\t\t<div class=\"wcorg-speaker-description\">\n\t\t\t\t\t<img alt='' src='https:\/\/secure.gravatar.com\/avatar\/f977c90cb63b5ec1830990051223f9ead91587853f0c4ff0928f56a9abfc8d7d?s=100&#038;d=mm&#038;r=g' srcset='https:\/\/secure.gravatar.com\/avatar\/f977c90cb63b5ec1830990051223f9ead91587853f0c4ff0928f56a9abfc8d7d?s=200&#038;d=mm&#038;r=g 2x' class='avatar avatar-100 photo' height='100' width='100' \/>\t\t\t\t\t\n<p class=\"wp-block-paragraph\">Encargado del \u00e1rea comercial en Digitalrocks con m\u00e1s de 10 a\u00f1os de experiencia en marketing digital.<\/p>\n\t\t\t\t<\/div>\n\t\t\t<\/div>\n\n\t\t\n\t\t\t<!-- Organizers note: The id attribute is deprecated and only remains for backwards compatibility, please use the corresponding class to target individual speakers -->\n\t\t\t<div id=\"wcorg-speaker-cristopher-garrido-martell\" class=\"wcorg-speaker wcorg-speaker-cristopher-garrido-martell wcorg-track-casual wcorg-track-specialist wcorg-track-workshop-casual\">\n\t\t\t\t<h2>\n\t\t\t\t\t\n\t\t\t\t\t\tCristopher Garrido Martell\n\t\t\t\t\t\t\t\t\t<\/h2>\n\n\t\t\t\t<div class=\"wcorg-speaker-description\">\n\t\t\t\t\t<img alt='' src='https:\/\/secure.gravatar.com\/avatar\/b15be879d81abe472b61e1fe99e39351209f2c3e57259617aef81c2b0102d7b2?s=100&#038;d=mm&#038;r=g' srcset='https:\/\/secure.gravatar.com\/avatar\/b15be879d81abe472b61e1fe99e39351209f2c3e57259617aef81c2b0102d7b2?s=200&#038;d=mm&#038;r=g 2x' class='avatar avatar-100 photo' height='100' width='100' \/>\t\t\t\t\t\n<p class=\"wp-block-paragraph\">Consultor de Estrategias Digitales\/Inteligencia de negocios\/WordPress\/Woocommerce Developer. Co-organizador de&nbsp;<a href=\"https:\/\/twitter.com\/wppuebla\">@wppuebla<\/a>. Apoyo a organizar&nbsp;<a href=\"https:\/\/twitter.com\/wpcdmx\">@WPCDMX<\/a>&nbsp;y otros eventos. Me puedes encontrar en&nbsp;<a href=\"https:\/\/twitter.com\/wpcristopher\">@wpcristopher<\/a>&nbsp;y&nbsp;<a href=\"https:\/\/profiles.wordpress.org\/gmartell\/\">@gmartell<\/a><\/p>\n\t\t\t\t<\/div>\n\t\t\t<\/div>\n\n\t\t\n\t\t\t<!-- Organizers note: The id attribute is deprecated and only remains for backwards compatibility, please use the corresponding class to target individual speakers -->\n\t\t\t<div id=\"wcorg-speaker-petter-briones\" class=\"wcorg-speaker wcorg-speaker-petter-briones\">\n\t\t\t\t<h2>\n\t\t\t\t\t\n\t\t\t\t\t\tPetter Briones\n\t\t\t\t\t\t\t\t\t<\/h2>\n\n\t\t\t\t<div class=\"wcorg-speaker-description\">\n\t\t\t\t\t<img alt='' src='https:\/\/secure.gravatar.com\/avatar\/3470894eeff709f47c5aac5e8a288b789756a09f8f26e0f4fd13a223d16d6a65?s=100&#038;d=mm&#038;r=g' srcset='https:\/\/secure.gravatar.com\/avatar\/3470894eeff709f47c5aac5e8a288b789756a09f8f26e0f4fd13a223d16d6a65?s=200&#038;d=mm&#038;r=g 2x' class='avatar avatar-100 photo' height='100' width='100' \/>\t\t\t\t\t\n<p class=\"wp-block-paragraph\">Emprendedor y N\u00f3mada Digital, Dise\u00f1ador y Desarrollador Front-end en WordPress, CEO-Fundador de EnAutomatico.com, donde ayudamos a empresarios a automatizar, facturar m\u00e1s, en definitiva, escalar sus negocios.<br>\nMe encuentras en @petterbriones (https:\/\/instagram.com\/petterbriones) y escribo en mi blog petterbriones.com<\/p>\n\t\t\t\t<\/div>\n\t\t\t<\/div>\n\n\t\t\n\t\t\t<!-- Organizers note: The id attribute is deprecated and only remains for backwards compatibility, please use the corresponding class to target individual speakers -->\n\t\t\t<div id=\"wcorg-speaker-pablo-herrada-artellano\" class=\"wcorg-speaker wcorg-speaker-pablo-herrada-artellano wcorg-track-casual\">\n\t\t\t\t<h2>\n\t\t\t\t\t\n\t\t\t\t\t\tPablo Herrada Artellano\n\t\t\t\t\t\t\t\t\t<\/h2>\n\n\t\t\t\t<div class=\"wcorg-speaker-description\">\n\t\t\t\t\t<img alt='' src='https:\/\/secure.gravatar.com\/avatar\/50a3d815ba39eb9216562330d71fcab032994d2400161bc3c5f13869da287525?s=100&#038;d=mm&#038;r=g' srcset='https:\/\/secure.gravatar.com\/avatar\/50a3d815ba39eb9216562330d71fcab032994d2400161bc3c5f13869da287525?s=200&#038;d=mm&#038;r=g 2x' class='avatar avatar-100 photo' height='100' width='100' \/>\t\t\t\t\t\n<p class=\"wp-block-paragraph\">Emprendedor y Consultor especialista SEO nacional e internacional, impulsando proyectos de eCommerce &amp; Marketing Digital. Apoy\u00f3 a mejorar visibilidad org\u00e1nica en M\u00e9xico para Linio, Walmart, Interjet, Steren, Sam\u2019s Club, Superama y algunos m\u00e1s. Actualmente Cofundador Clean Ranks, empresa especializada en consultor\u00eda SEO con base en inteligencia de negocio, apoyando a mejorar el ranking de empresas de eCommerce, Bancos, Fintech, Aerol\u00edneas en Am\u00e9rica Latina, USA, Espa\u00f1a y otras partes del mundo.<\/p>\n\t\t\t\t<\/div>\n\t\t\t<\/div>\n\n\t\t\n\t\t\t<!-- Organizers note: The id attribute is deprecated and only remains for backwards compatibility, please use the corresponding class to target individual speakers -->\n\t\t\t<div id=\"wcorg-speaker-victor-alejandro-garcia-sanchez\" class=\"wcorg-speaker wcorg-speaker-victor-alejandro-garcia-sanchez wcorg-track-specialist wcorg-track-casual\">\n\t\t\t\t<h2>\n\t\t\t\t\t\n\t\t\t\t\t\tVictor Alejandro Garcia Sanchez\n\t\t\t\t\t\t\t\t\t<\/h2>\n\n\t\t\t\t<div class=\"wcorg-speaker-description\">\n\t\t\t\t\t<img alt='' src='https:\/\/secure.gravatar.com\/avatar\/35427f73a839aa19894eef0ee693ee8e5653fa4084a6337ecd3d8591f79c40cc?s=100&#038;d=mm&#038;r=g' srcset='https:\/\/secure.gravatar.com\/avatar\/35427f73a839aa19894eef0ee693ee8e5653fa4084a6337ecd3d8591f79c40cc?s=200&#038;d=mm&#038;r=g 2x' class='avatar avatar-100 photo' height='100' width='100' \/>\t\t\t\t\t\n<p class=\"wp-block-paragraph\">Emprendedor, freelance. Actualmente trabaja para varias empresas creando y administrando e-commerce con WooCommerce. Coorganizador de los meetups de WordPress y WooCommerce en la CDMX. Organizador del WordCamp 2017,2018 y 2019 CDMX.<\/p>\n\n\n\n<p class=\"wp-block-paragraph\">Si quieres saber mas de m\u00ed&nbsp;<a href=\"https:\/\/www.victorags.com\/\">victorags.com&nbsp;&nbsp;<\/a>&nbsp;Twitter:&nbsp;<a href=\"https:\/\/twitter.com\/victoragscom\">@victoragscom&nbsp;<\/a><\/p>\n\t\t\t\t<\/div>\n\t\t\t<\/div>\n\n\t\t\n\t\t\t<!-- Organizers note: The id attribute is deprecated and only remains for backwards compatibility, please use the corresponding class to target individual speakers -->\n\t\t\t<div id=\"wcorg-speaker-oscar-arzola\" class=\"wcorg-speaker wcorg-speaker-oscar-arzola wcorg-track-specialist wcorg-track-workshop-specialist\">\n\t\t\t\t<h2>\n\t\t\t\t\t\n\t\t\t\t\t\tOscar Arzola\n\t\t\t\t\t\t\t\t\t<\/h2>\n\n\t\t\t\t<div class=\"wcorg-speaker-description\">\n\t\t\t\t\t<img alt='' src='https:\/\/secure.gravatar.com\/avatar\/557eb02c04efce648840dcc4ff61e43b91c41718280a27bbfcf982b5c5ec9ef6?s=100&#038;d=mm&#038;r=g' srcset='https:\/\/secure.gravatar.com\/avatar\/557eb02c04efce648840dcc4ff61e43b91c41718280a27bbfcf982b5c5ec9ef6?s=200&#038;d=mm&#038;r=g 2x' class='avatar avatar-100 photo' height='100' width='100' \/>\t\t\t\t\t\n<p class=\"wp-block-paragraph\">Inicie programando en ActionScript en Flash all\u00e1 por el a\u00f1o 2001 y desde entonces he sido parte activa de la evoluci\u00f3n de la web. Soy Licenciando en ciencias computacionales y Zend Certified Engineer, he tenido oportunidad de trabajar en proyectos de alto impacto como son portales de gobierno, revistas digitales, aplicaciones m\u00f3viles y desarrollo de e-commerce y algunas startups extranjeras.<\/p>\n\t\t\t\t<\/div>\n\t\t\t<\/div>\n\n\t\t\n\t<\/div>\n\n\t\n\r\n<p>&nbsp;<\/p>","protected":false},"excerpt":{"rendered":"<p>Conoce al grupo de expertos que compartir\u00e1 su expertise y conocimiento contigo &nbsp;<\/p>\n","protected":false},"author":15580649,"featured_media":0,"parent":0,"menu_order":0,"comment_status":"closed","ping_status":"closed","template":"","meta":{"_crdt_document":"","footnotes":""},"class_list":["post-8","page","type-page","status-publish","hentry"],"jetpack_sharing_enabled":true,"_links":{"self":[{"href":"https:\/\/puebla.wordcamp.org\/2019\/wp-json\/wp\/v2\/pages\/8","targetHints":{"allow":["GET"]}}],"collection":[{"href":"https:\/\/puebla.wordcamp.org\/2019\/wp-json\/wp\/v2\/pages"}],"about":[{"href":"https:\/\/puebla.wordcamp.org\/2019\/wp-json\/wp\/v2\/types\/page"}],"author":[{"embeddable":true,"href":"https:\/\/puebla.wordcamp.org\/2019\/wp-json\/wp\/v2\/users\/15580649"}],"replies":[{"embeddable":true,"href":"https:\/\/puebla.wordcamp.org\/2019\/wp-json\/wp\/v2\/comments?post=8"}],"version-history":[{"count":2,"href":"https:\/\/puebla.wordcamp.org\/2019\/wp-json\/wp\/v2\/pages\/8\/revisions"}],"predecessor-version":[{"id":1301,"href":"https:\/\/puebla.wordcamp.org\/2019\/wp-json\/wp\/v2\/pages\/8\/revisions\/1301"}],"wp:attachment":[{"href":"https:\/\/puebla.wordcamp.org\/2019\/wp-json\/wp\/v2\/media?parent=8"}],"curies":[{"name":"wp","href":"https:\/\/api.w.org\/{rel}","templated":true}]}}